{"id":340,"date":"2024-03-04T11:17:00","date_gmt":"2024-03-04T14:17:00","guid":{"rendered":"https:\/\/grupomepi.com.br\/?page_id=340"},"modified":"2024-03-18T14:46:57","modified_gmt":"2024-03-18T17:46:57","slug":"solucoes","status":"publish","type":"page","link":"https:\/\/www.mepi.com.br\/swp\/solucoes\/","title":{"rendered":"Solu\u00e7\u00f5es"},"content":{"rendered":"\t\t<div data-elementor-type=\"wp-page\" data-elementor-id=\"340\" class=\"elementor elementor-340\" data-elementor-post-type=\"page\">\n\t\t\t\t<div class=\"elementor-element elementor-element-1297456 e-flex e-con-boxed e-con e-parent\" data-id=\"1297456\" data-element_type=\"container\" data-e-type=\"container\" data-settings=\"{&quot;background_background&quot;:&quot;classic&quot;}\">\n\t\t\t\t\t<div class=\"e-con-inner\">\n\t\t<div class=\"elementor-element elementor-element-1577605 e-flex e-con-boxed elementor-invisible e-con e-child\" data-id=\"1577605\" data-element_type=\"container\" data-e-type=\"container\" data-settings=\"{&quot;animation&quot;:&quot;fadeInUp&quot;}\">\n\t\t\t\t\t<div class=\"e-con-inner\">\n\t\t\t\t<div class=\"elementor-element elementor-element-3d5f387 elementor-widget elementor-widget-heading\" data-id=\"3d5f387\" data-element_type=\"widget\" data-e-type=\"widget\" data-widget_type=\"heading.default\">\n\t\t\t\t<div class=\"elementor-widget-container\">\n\t\t\t\t\t<h2 class=\"elementor-heading-title elementor-size-default\">Solu\u00e7\u00f5es<\/h2>\t\t\t\t<\/div>\n\t\t\t\t<\/div>\n\t\t\t\t\t<\/div>\n\t\t\t\t<\/div>\n\t\t\t\t\t<\/div>\n\t\t\t\t<\/div>\n\t\t<div class=\"elementor-element elementor-element-d378cab e-flex e-con-boxed e-con e-parent\" data-id=\"d378cab\" data-element_type=\"container\" data-e-type=\"container\" data-settings=\"{&quot;background_background&quot;:&quot;classic&quot;}\">\n\t\t\t\t\t<div class=\"e-con-inner\">\n\t\t<div class=\"elementor-element elementor-element-632149c e-flex e-con-boxed elementor-invisible e-con e-child\" data-id=\"632149c\" data-element_type=\"container\" data-e-type=\"container\" data-settings=\"{&quot;animation&quot;:&quot;fadeInDown&quot;}\">\n\t\t\t\t\t<div class=\"e-con-inner\">\n\t\t\t\t<div class=\"elementor-element elementor-element-df43f24 elementor-widget elementor-widget-image\" data-id=\"df43f24\" data-element_type=\"widget\" data-e-type=\"widget\" data-widget_type=\"image.default\">\n\t\t\t\t<div class=\"elementor-widget-container\">\n\t\t\t\t\t\t\t\t\t\t\t\t\t\t\t<img fetchpriority=\"high\" decoding=\"async\" width=\"752\" height=\"789\" src=\"https:\/\/grupomepi.com.br\/wp-content\/uploads\/2024\/03\/Logo-Grupo-MEPI-Q1.png\" class=\"attachment-full size-full wp-image-18\" alt=\"\" srcset=\"https:\/\/grupomepi.com.br\/wp-content\/uploads\/2024\/03\/Logo-Grupo-MEPI-Q1.png 752w, https:\/\/grupomepi.com.br\/wp-content\/uploads\/2024\/03\/Logo-Grupo-MEPI-Q1-286x300.png 286w\" sizes=\"(max-width: 752px) 100vw, 752px\" \/>\t\t\t\t\t\t\t\t\t\t\t\t\t\t\t<\/div>\n\t\t\t\t<\/div>\n\t\t\t\t<div class=\"elementor-element elementor-element-9d5d4e5 elementor-widget elementor-widget-heading\" data-id=\"9d5d4e5\" data-element_type=\"widget\" data-e-type=\"widget\" data-widget_type=\"heading.default\">\n\t\t\t\t<div class=\"elementor-widget-container\">\n\t\t\t\t\t<h2 class=\"elementor-heading-title elementor-size-default\">SOLU\u00c7\u00d5ES GRUPO MEPI<\/h2>\t\t\t\t<\/div>\n\t\t\t\t<\/div>\n\t\t\t\t<div class=\"elementor-element elementor-element-7dc61f0 elementor-widget elementor-widget-heading\" data-id=\"7dc61f0\" data-element_type=\"widget\" data-e-type=\"widget\" data-widget_type=\"heading.default\">\n\t\t\t\t<div class=\"elementor-widget-container\">\n\t\t\t\t\t<h2 class=\"elementor-heading-title elementor-size-default\">Fa\u00e7a do seu local de trabalho <b>o lugar mais seguro!<\/b><\/h2>\t\t\t\t<\/div>\n\t\t\t\t<\/div>\n\t\t\t\t<div class=\"elementor-element elementor-element-2986539 elementor-widget elementor-widget-heading\" data-id=\"2986539\" data-element_type=\"widget\" data-e-type=\"widget\" data-widget_type=\"heading.default\">\n\t\t\t\t<div class=\"elementor-widget-container\">\n\t\t\t\t\t<h2 class=\"elementor-heading-title elementor-size-default\">Construa uma cultura de seguran\u00e7a e deixe seu ambiente livre de riscos. Conhe\u00e7a nossas solu\u00e7\u00f5es.<\/h2>\t\t\t\t<\/div>\n\t\t\t\t<\/div>\n\t\t\t\t\t<\/div>\n\t\t\t\t<\/div>\n\t\t<div class=\"elementor-element elementor-element-31b1e67 e-flex e-con-boxed elementor-invisible e-con e-child\" data-id=\"31b1e67\" data-element_type=\"container\" data-e-type=\"container\" data-settings=\"{&quot;animation&quot;:&quot;fadeInUp&quot;}\">\n\t\t\t\t\t<div class=\"e-con-inner\">\n\t\t<div class=\"elementor-element elementor-element-05a3c6d e-flex e-con-boxed e-con e-child\" data-id=\"05a3c6d\" data-element_type=\"container\" data-e-type=\"container\" data-settings=\"{&quot;background_background&quot;:&quot;classic&quot;}\">\n\t\t\t\t\t<div class=\"e-con-inner\">\n\t\t<div class=\"elementor-element elementor-element-3c3d4a1 e-flex e-con-boxed e-con e-child\" data-id=\"3c3d4a1\" data-element_type=\"container\" data-e-type=\"container\">\n\t\t\t\t\t<div class=\"e-con-inner\">\n\t\t\t\t<div class=\"elementor-element elementor-element-221a323 elementor-widget elementor-widget-image\" data-id=\"221a323\" data-element_type=\"widget\" data-e-type=\"widget\" data-widget_type=\"image.default\">\n\t\t\t\t<div class=\"elementor-widget-container\">\n\t\t\t\t\t\t\t\t\t\t\t\t\t\t\t<img decoding=\"async\" width=\"1024\" height=\"1024\" src=\"https:\/\/grupomepi.com.br\/wp-content\/uploads\/2024\/03\/STORE.png\" class=\"attachment-full size-full wp-image-535\" alt=\"\" srcset=\"https:\/\/grupomepi.com.br\/wp-content\/uploads\/2024\/03\/STORE.png 1024w, https:\/\/grupomepi.com.br\/wp-content\/uploads\/2024\/03\/STORE-300x300.png 300w, https:\/\/grupomepi.com.br\/wp-content\/uploads\/2024\/03\/STORE-150x150.png 150w, https:\/\/grupomepi.com.br\/wp-content\/uploads\/2024\/03\/STORE-768x768.png 768w\" sizes=\"(max-width: 1024px) 100vw, 1024px\" \/>\t\t\t\t\t\t\t\t\t\t\t\t\t\t\t<\/div>\n\t\t\t\t<\/div>\n\t\t\t\t\t<\/div>\n\t\t\t\t<\/div>\n\t\t<div class=\"elementor-element elementor-element-6b0c2ce e-flex e-con-boxed e-con e-child\" data-id=\"6b0c2ce\" data-element_type=\"container\" data-e-type=\"container\">\n\t\t\t\t\t<div class=\"e-con-inner\">\n\t\t\t\t<div class=\"elementor-element elementor-element-e20e28c elementor-widget elementor-widget-heading\" data-id=\"e20e28c\" data-element_type=\"widget\" data-e-type=\"widget\" data-widget_type=\"heading.default\">\n\t\t\t\t<div class=\"elementor-widget-container\">\n\t\t\t\t\t<h2 class=\"elementor-heading-title elementor-size-default\">MEPI Store<\/h2>\t\t\t\t<\/div>\n\t\t\t\t<\/div>\n\t\t\t\t<div class=\"elementor-element elementor-element-106dac6 elementor-widget elementor-widget-heading\" data-id=\"106dac6\" data-element_type=\"widget\" data-e-type=\"widget\" data-widget_type=\"heading.default\">\n\t\t\t\t<div class=\"elementor-widget-container\">\n\t\t\t\t\t<h2 class=\"elementor-heading-title elementor-size-default\">Conhe\u00e7a mais sobre os produtos da MEPI. Veja como podemos melhorar os seus equipamentos de seguran\u00e7a.<\/h2>\t\t\t\t<\/div>\n\t\t\t\t<\/div>\n\t\t\t\t<div class=\"elementor-element elementor-element-70e1f70 elementor-align-justify elementor-widget elementor-widget-button\" data-id=\"70e1f70\" data-element_type=\"widget\" data-e-type=\"widget\" data-widget_type=\"button.default\">\n\t\t\t\t<div class=\"elementor-widget-container\">\n\t\t\t\t\t\t\t\t\t<div class=\"elementor-button-wrapper\">\n\t\t\t\t\t<a class=\"elementor-button elementor-button-link elementor-size-sm\" href=\"https:\/\/grupomepi.com.br\/solucoes\/mepi-store\/\">\n\t\t\t\t\t\t<span class=\"elementor-button-content-wrapper\">\n\t\t\t\t\t\t\t\t\t<span class=\"elementor-button-text\">Conhe\u00e7a mais<\/span>\n\t\t\t\t\t<\/span>\n\t\t\t\t\t<\/a>\n\t\t\t\t<\/div>\n\t\t\t\t\t\t\t\t<\/div>\n\t\t\t\t<\/div>\n\t\t\t\t\t<\/div>\n\t\t\t\t<\/div>\n\t\t\t\t\t<\/div>\n\t\t\t\t<\/div>\n\t\t<div class=\"elementor-element elementor-element-8add35d e-flex e-con-boxed e-con e-child\" data-id=\"8add35d\" data-element_type=\"container\" data-e-type=\"container\" data-settings=\"{&quot;background_background&quot;:&quot;classic&quot;}\">\n\t\t\t\t\t<div class=\"e-con-inner\">\n\t\t<div class=\"elementor-element elementor-element-c445767 e-flex e-con-boxed e-con e-child\" data-id=\"c445767\" data-element_type=\"container\" data-e-type=\"container\">\n\t\t\t\t\t<div class=\"e-con-inner\">\n\t\t\t\t<div class=\"elementor-element elementor-element-5545a83 elementor-widget elementor-widget-image\" data-id=\"5545a83\" data-element_type=\"widget\" data-e-type=\"widget\" data-widget_type=\"image.default\">\n\t\t\t\t<div class=\"elementor-widget-container\">\n\t\t\t\t\t\t\t\t\t\t\t\t\t\t\t<img decoding=\"async\" width=\"1024\" height=\"1024\" src=\"https:\/\/grupomepi.com.br\/wp-content\/uploads\/2024\/03\/INDUSTRIA.png\" class=\"attachment-full size-full wp-image-534\" alt=\"\" srcset=\"https:\/\/grupomepi.com.br\/wp-content\/uploads\/2024\/03\/INDUSTRIA.png 1024w, https:\/\/grupomepi.com.br\/wp-content\/uploads\/2024\/03\/INDUSTRIA-300x300.png 300w, https:\/\/grupomepi.com.br\/wp-content\/uploads\/2024\/03\/INDUSTRIA-150x150.png 150w, https:\/\/grupomepi.com.br\/wp-content\/uploads\/2024\/03\/INDUSTRIA-768x768.png 768w\" sizes=\"(max-width: 1024px) 100vw, 1024px\" \/>\t\t\t\t\t\t\t\t\t\t\t\t\t\t\t<\/div>\n\t\t\t\t<\/div>\n\t\t\t\t\t<\/div>\n\t\t\t\t<\/div>\n\t\t<div class=\"elementor-element elementor-element-0ea9d13 e-flex e-con-boxed e-con e-child\" data-id=\"0ea9d13\" data-element_type=\"container\" data-e-type=\"container\">\n\t\t\t\t\t<div class=\"e-con-inner\">\n\t\t\t\t<div class=\"elementor-element elementor-element-1a6ada8 elementor-widget elementor-widget-heading\" data-id=\"1a6ada8\" data-element_type=\"widget\" data-e-type=\"widget\" data-widget_type=\"heading.default\">\n\t\t\t\t<div class=\"elementor-widget-container\">\n\t\t\t\t\t<h2 class=\"elementor-heading-title elementor-size-default\">MEPI Ind\u00fastria<\/h2>\t\t\t\t<\/div>\n\t\t\t\t<\/div>\n\t\t\t\t<div class=\"elementor-element elementor-element-f65a65c elementor-widget elementor-widget-heading\" data-id=\"f65a65c\" data-element_type=\"widget\" data-e-type=\"widget\" data-widget_type=\"heading.default\">\n\t\t\t\t<div class=\"elementor-widget-container\">\n\t\t\t\t\t<h2 class=\"elementor-heading-title elementor-size-default\">Fabricamos 90% dos produtos de seguran\u00e7a, linhas de vida, escadas e pontos de ancoragem. <\/h2>\t\t\t\t<\/div>\n\t\t\t\t<\/div>\n\t\t\t\t<div class=\"elementor-element elementor-element-4833374 elementor-align-justify elementor-widget elementor-widget-button\" data-id=\"4833374\" data-element_type=\"widget\" data-e-type=\"widget\" data-widget_type=\"button.default\">\n\t\t\t\t<div class=\"elementor-widget-container\">\n\t\t\t\t\t\t\t\t\t<div class=\"elementor-button-wrapper\">\n\t\t\t\t\t<a class=\"elementor-button elementor-button-link elementor-size-sm\" href=\"https:\/\/grupomepi.com.br\/solucoes\/mepi-industria\/\">\n\t\t\t\t\t\t<span class=\"elementor-button-content-wrapper\">\n\t\t\t\t\t\t\t\t\t<span class=\"elementor-button-text\">Conhe\u00e7a mais<\/span>\n\t\t\t\t\t<\/span>\n\t\t\t\t\t<\/a>\n\t\t\t\t<\/div>\n\t\t\t\t\t\t\t\t<\/div>\n\t\t\t\t<\/div>\n\t\t\t\t\t<\/div>\n\t\t\t\t<\/div>\n\t\t\t\t\t<\/div>\n\t\t\t\t<\/div>\n\t\t<div class=\"elementor-element elementor-element-720ddb9 e-flex e-con-boxed e-con e-child\" data-id=\"720ddb9\" data-element_type=\"container\" data-e-type=\"container\" data-settings=\"{&quot;background_background&quot;:&quot;classic&quot;}\">\n\t\t\t\t\t<div class=\"e-con-inner\">\n\t\t<div class=\"elementor-element elementor-element-00cf167 e-flex e-con-boxed e-con e-child\" data-id=\"00cf167\" data-element_type=\"container\" data-e-type=\"container\">\n\t\t\t\t\t<div class=\"e-con-inner\">\n\t\t\t\t<div class=\"elementor-element elementor-element-150144c elementor-widget elementor-widget-image\" data-id=\"150144c\" data-element_type=\"widget\" data-e-type=\"widget\" data-widget_type=\"image.default\">\n\t\t\t\t<div class=\"elementor-widget-container\">\n\t\t\t\t\t\t\t\t\t\t\t\t\t\t\t<img loading=\"lazy\" decoding=\"async\" width=\"1024\" height=\"1024\" src=\"https:\/\/grupomepi.com.br\/wp-content\/uploads\/2024\/03\/TEC.png\" class=\"attachment-full size-full wp-image-536\" alt=\"\" srcset=\"https:\/\/grupomepi.com.br\/wp-content\/uploads\/2024\/03\/TEC.png 1024w, https:\/\/grupomepi.com.br\/wp-content\/uploads\/2024\/03\/TEC-300x300.png 300w, https:\/\/grupomepi.com.br\/wp-content\/uploads\/2024\/03\/TEC-150x150.png 150w, https:\/\/grupomepi.com.br\/wp-content\/uploads\/2024\/03\/TEC-768x768.png 768w\" sizes=\"(max-width: 1024px) 100vw, 1024px\" \/>\t\t\t\t\t\t\t\t\t\t\t\t\t\t\t<\/div>\n\t\t\t\t<\/div>\n\t\t\t\t\t<\/div>\n\t\t\t\t<\/div>\n\t\t<div class=\"elementor-element elementor-element-86b1712 e-flex e-con-boxed e-con e-child\" data-id=\"86b1712\" data-element_type=\"container\" data-e-type=\"container\">\n\t\t\t\t\t<div class=\"e-con-inner\">\n\t\t\t\t<div class=\"elementor-element elementor-element-0a4fcf3 elementor-widget elementor-widget-heading\" data-id=\"0a4fcf3\" data-element_type=\"widget\" data-e-type=\"widget\" data-widget_type=\"heading.default\">\n\t\t\t\t<div class=\"elementor-widget-container\">\n\t\t\t\t\t<h2 class=\"elementor-heading-title elementor-size-default\">MEPI Tech<\/h2>\t\t\t\t<\/div>\n\t\t\t\t<\/div>\n\t\t\t\t<div class=\"elementor-element elementor-element-789941e elementor-widget elementor-widget-heading\" data-id=\"789941e\" data-element_type=\"widget\" data-e-type=\"widget\" data-widget_type=\"heading.default\">\n\t\t\t\t<div class=\"elementor-widget-container\">\n\t\t\t\t\t<h2 class=\"elementor-heading-title elementor-size-default\">L\u00edder em gest\u00e3o de documentos de seguran\u00e7a no trabalho para m\u00e9dias e grandes empresas.<\/h2>\t\t\t\t<\/div>\n\t\t\t\t<\/div>\n\t\t\t\t<div class=\"elementor-element elementor-element-23543ea elementor-align-justify elementor-widget elementor-widget-button\" data-id=\"23543ea\" data-element_type=\"widget\" data-e-type=\"widget\" data-widget_type=\"button.default\">\n\t\t\t\t<div class=\"elementor-widget-container\">\n\t\t\t\t\t\t\t\t\t<div class=\"elementor-button-wrapper\">\n\t\t\t\t\t<a class=\"elementor-button elementor-button-link elementor-size-sm\" href=\"https:\/\/grupomepi.com.br\/solucoes\/mepi-tech\/\">\n\t\t\t\t\t\t<span class=\"elementor-button-content-wrapper\">\n\t\t\t\t\t\t\t\t\t<span class=\"elementor-button-text\">Conhe\u00e7a mais<\/span>\n\t\t\t\t\t<\/span>\n\t\t\t\t\t<\/a>\n\t\t\t\t<\/div>\n\t\t\t\t\t\t\t\t<\/div>\n\t\t\t\t<\/div>\n\t\t\t\t\t<\/div>\n\t\t\t\t<\/div>\n\t\t\t\t\t<\/div>\n\t\t\t\t<\/div>\n\t\t<div class=\"elementor-element elementor-element-13550c9 e-flex e-con-boxed e-con e-child\" data-id=\"13550c9\" data-element_type=\"container\" data-e-type=\"container\" data-settings=\"{&quot;background_background&quot;:&quot;classic&quot;}\">\n\t\t\t\t\t<div class=\"e-con-inner\">\n\t\t<div class=\"elementor-element elementor-element-b071110 e-flex e-con-boxed e-con e-child\" data-id=\"b071110\" data-element_type=\"container\" data-e-type=\"container\">\n\t\t\t\t\t<div class=\"e-con-inner\">\n\t\t\t\t<div class=\"elementor-element elementor-element-d88580f elementor-widget elementor-widget-image\" data-id=\"d88580f\" data-element_type=\"widget\" data-e-type=\"widget\" data-widget_type=\"image.default\">\n\t\t\t\t<div class=\"elementor-widget-container\">\n\t\t\t\t\t\t\t\t\t\t\t\t\t\t\t<img loading=\"lazy\" decoding=\"async\" width=\"1024\" height=\"1024\" src=\"https:\/\/grupomepi.com.br\/wp-content\/uploads\/2024\/03\/TREINAMENTOS.png\" class=\"attachment-full size-full wp-image-537\" alt=\"\" srcset=\"https:\/\/grupomepi.com.br\/wp-content\/uploads\/2024\/03\/TREINAMENTOS.png 1024w, https:\/\/grupomepi.com.br\/wp-content\/uploads\/2024\/03\/TREINAMENTOS-300x300.png 300w, https:\/\/grupomepi.com.br\/wp-content\/uploads\/2024\/03\/TREINAMENTOS-150x150.png 150w, https:\/\/grupomepi.com.br\/wp-content\/uploads\/2024\/03\/TREINAMENTOS-768x768.png 768w\" sizes=\"(max-width: 1024px) 100vw, 1024px\" \/>\t\t\t\t\t\t\t\t\t\t\t\t\t\t\t<\/div>\n\t\t\t\t<\/div>\n\t\t\t\t\t<\/div>\n\t\t\t\t<\/div>\n\t\t<div class=\"elementor-element elementor-element-377c8cb e-flex e-con-boxed e-con e-child\" data-id=\"377c8cb\" data-element_type=\"container\" data-e-type=\"container\">\n\t\t\t\t\t<div class=\"e-con-inner\">\n\t\t\t\t<div class=\"elementor-element elementor-element-3082e1b elementor-widget elementor-widget-heading\" data-id=\"3082e1b\" data-element_type=\"widget\" data-e-type=\"widget\" data-widget_type=\"heading.default\">\n\t\t\t\t<div class=\"elementor-widget-container\">\n\t\t\t\t\t<h2 class=\"elementor-heading-title elementor-size-default\">MEPI Treinamentos<\/h2>\t\t\t\t<\/div>\n\t\t\t\t<\/div>\n\t\t\t\t<div class=\"elementor-element elementor-element-bafebd7 elementor-widget elementor-widget-heading\" data-id=\"bafebd7\" data-element_type=\"widget\" data-e-type=\"widget\" data-widget_type=\"heading.default\">\n\t\t\t\t<div class=\"elementor-widget-container\">\n\t\t\t\t\t<h2 class=\"elementor-heading-title elementor-size-default\">Proteja sua equipe. Invista na seguran\u00e7a do trabalho com o Grupo MEPI Treinamentos. Conhe\u00e7a.<\/h2>\t\t\t\t<\/div>\n\t\t\t\t<\/div>\n\t\t\t\t<div class=\"elementor-element elementor-element-f8dfb2e elementor-align-justify elementor-widget elementor-widget-button\" data-id=\"f8dfb2e\" data-element_type=\"widget\" data-e-type=\"widget\" data-widget_type=\"button.default\">\n\t\t\t\t<div class=\"elementor-widget-container\">\n\t\t\t\t\t\t\t\t\t<div class=\"elementor-button-wrapper\">\n\t\t\t\t\t<a class=\"elementor-button elementor-button-link elementor-size-sm\" href=\"https:\/\/grupomepi.com.br\/solucoes\/mepi-treinamentos-geral\/\">\n\t\t\t\t\t\t<span class=\"elementor-button-content-wrapper\">\n\t\t\t\t\t\t\t\t\t<span class=\"elementor-button-text\">Conhe\u00e7a mais<\/span>\n\t\t\t\t\t<\/span>\n\t\t\t\t\t<\/a>\n\t\t\t\t<\/div>\n\t\t\t\t\t\t\t\t<\/div>\n\t\t\t\t<\/div>\n\t\t\t\t\t<\/div>\n\t\t\t\t<\/div>\n\t\t\t\t\t<\/div>\n\t\t\t\t<\/div>\n\t\t\t\t\t<\/div>\n\t\t\t\t<\/div>\n\t\t\t\t\t<\/div>\n\t\t\t\t<\/div>\n\t\t\t\t<\/div>\n\t\t","protected":false},"excerpt":{"rendered":"<p>Solu\u00e7\u00f5es SOLU\u00c7\u00d5ES GRUPO MEPI Fa\u00e7a do seu local de trabalho o lugar mais seguro! Construa uma cultura de seguran\u00e7a e deixe seu ambiente livre de riscos. Conhe\u00e7a nossas solu\u00e7\u00f5es. MEPI Store Conhe\u00e7a mais sobre os produtos da MEPI. Veja como podemos melhorar os seus equipamentos de seguran\u00e7a. Conhe\u00e7a mais MEPI Ind\u00fastria Fabricamos 90% dos produtos [&hellip;]<\/p>\n","protected":false},"author":1,"featured_media":15,"parent":0,"menu_order":0,"comment_status":"closed","ping_status":"closed","template":"elementor_header_footer","meta":{"_joinchat":[],"footnotes":""},"class_list":["post-340","page","type-page","status-publish","has-post-thumbnail","hentry"],"yoast_head":"<!-- This site is optimized with the Yoast SEO plugin v27.3 - https:\/\/yoast.com\/product\/yoast-seo-wordpress\/ -->\r\n<title>Solu\u00e7\u00f5es - Grupo MEPI<\/title>\r\n<meta name=\"description\" content=\"Refer\u00eancia em Seguran\u00e7a do Trabalho. Especialistas em fabrica\u00e7\u00e3o, distribui\u00e7\u00e3o, treinamento e gest\u00e3o. Estamos prontos para atender \u00e0s necessidades!\" \/>\r\n<meta name=\"robots\" content=\"index, follow, max-snippet:-1, max-image-preview:large, max-video-preview:-1\" \/>\r\n<link rel=\"canonical\" href=\"https:\/\/grupomepi.com.br\/swp\/solucoes\/\" \/>\r\n<meta property=\"og:locale\" content=\"pt_BR\" \/>\r\n<meta property=\"og:type\" content=\"article\" \/>\r\n<meta property=\"og:title\" content=\"Solu\u00e7\u00f5es - Grupo MEPI\" \/>\r\n<meta property=\"og:description\" content=\"Refer\u00eancia em Seguran\u00e7a do Trabalho. Especialistas em fabrica\u00e7\u00e3o, distribui\u00e7\u00e3o, treinamento e gest\u00e3o. Estamos prontos para atender \u00e0s necessidades!\" \/>\r\n<meta property=\"og:url\" content=\"https:\/\/grupomepi.com.br\/swp\/solucoes\/\" \/>\r\n<meta property=\"og:site_name\" content=\"Grupo MEPI\" \/>\r\n<meta property=\"article:modified_time\" content=\"2024-03-18T17:46:57+00:00\" \/>\r\n<meta property=\"og:image\" content=\"https:\/\/grupomepi.com.br\/wp-content\/uploads\/2024\/03\/IMGDESTACADA.png\" \/>\r\n\t<meta property=\"og:image:width\" content=\"500\" \/>\r\n\t<meta property=\"og:image:height\" content=\"500\" \/>\r\n\t<meta property=\"og:image:type\" content=\"image\/png\" \/>\r\n<meta name=\"twitter:card\" content=\"summary_large_image\" \/>\r\n<meta name=\"twitter:label1\" content=\"Est. tempo de leitura\" \/>\n\t<meta name=\"twitter:data1\" content=\"2 minutos\" \/>\r\n<script type=\"application\/ld+json\" class=\"yoast-schema-graph\">{\"@context\":\"https:\\\/\\\/schema.org\",\"@graph\":[{\"@type\":\"WebPage\",\"@id\":\"https:\\\/\\\/grupomepi.com.br\\\/swp\\\/solucoes\\\/\",\"url\":\"https:\\\/\\\/grupomepi.com.br\\\/swp\\\/solucoes\\\/\",\"name\":\"Solu\u00e7\u00f5es - Grupo MEPI\",\"isPartOf\":{\"@id\":\"https:\\\/\\\/52.149.151.20\\\/swp\\\/#website\"},\"primaryImageOfPage\":{\"@id\":\"https:\\\/\\\/grupomepi.com.br\\\/swp\\\/solucoes\\\/#primaryimage\"},\"image\":{\"@id\":\"https:\\\/\\\/grupomepi.com.br\\\/swp\\\/solucoes\\\/#primaryimage\"},\"thumbnailUrl\":\"https:\\\/\\\/grupomepi.com.br\\\/wp-content\\\/uploads\\\/2024\\\/03\\\/IMGDESTACADA.png\",\"datePublished\":\"2024-03-04T14:17:00+00:00\",\"dateModified\":\"2024-03-18T17:46:57+00:00\",\"description\":\"Refer\u00eancia em Seguran\u00e7a do Trabalho. Especialistas em fabrica\u00e7\u00e3o, distribui\u00e7\u00e3o, treinamento e gest\u00e3o. Estamos prontos para atender \u00e0s necessidades!\",\"breadcrumb\":{\"@id\":\"https:\\\/\\\/grupomepi.com.br\\\/swp\\\/solucoes\\\/#breadcrumb\"},\"inLanguage\":\"pt-BR\",\"potentialAction\":[{\"@type\":\"ReadAction\",\"target\":[\"https:\\\/\\\/grupomepi.com.br\\\/swp\\\/solucoes\\\/\"]}]},{\"@type\":\"ImageObject\",\"inLanguage\":\"pt-BR\",\"@id\":\"https:\\\/\\\/grupomepi.com.br\\\/swp\\\/solucoes\\\/#primaryimage\",\"url\":\"https:\\\/\\\/grupomepi.com.br\\\/wp-content\\\/uploads\\\/2024\\\/03\\\/IMGDESTACADA.png\",\"contentUrl\":\"https:\\\/\\\/grupomepi.com.br\\\/wp-content\\\/uploads\\\/2024\\\/03\\\/IMGDESTACADA.png\",\"width\":500,\"height\":500},{\"@type\":\"BreadcrumbList\",\"@id\":\"https:\\\/\\\/grupomepi.com.br\\\/swp\\\/solucoes\\\/#breadcrumb\",\"itemListElement\":[{\"@type\":\"ListItem\",\"position\":1,\"name\":\"In\u00edcio\",\"item\":\"https:\\\/\\\/grupomepi.com.br\\\/swp\\\/\"},{\"@type\":\"ListItem\",\"position\":2,\"name\":\"Solu\u00e7\u00f5es\"}]},{\"@type\":\"WebSite\",\"@id\":\"https:\\\/\\\/52.149.151.20\\\/swp\\\/#website\",\"url\":\"https:\\\/\\\/52.149.151.20\\\/swp\\\/\",\"name\":\"Grupo MEPI\",\"description\":\"Fa\u00e7a do seu local de trabalho o lugar mais seguro!\",\"potentialAction\":[{\"@type\":\"SearchAction\",\"target\":{\"@type\":\"EntryPoint\",\"urlTemplate\":\"https:\\\/\\\/52.149.151.20\\\/swp\\\/?s={search_term_string}\"},\"query-input\":{\"@type\":\"PropertyValueSpecification\",\"valueRequired\":true,\"valueName\":\"search_term_string\"}}],\"inLanguage\":\"pt-BR\"}]}<\/script>\r\n<!-- \/ Yoast SEO plugin. -->","yoast_head_json":{"title":"Solu\u00e7\u00f5es - Grupo MEPI","description":"Refer\u00eancia em Seguran\u00e7a do Trabalho. Especialistas em fabrica\u00e7\u00e3o, distribui\u00e7\u00e3o, treinamento e gest\u00e3o. Estamos prontos para atender \u00e0s necessidades!","robots":{"index":"index","follow":"follow","max-snippet":"max-snippet:-1","max-image-preview":"max-image-preview:large","max-video-preview":"max-video-preview:-1"},"canonical":"https:\/\/grupomepi.com.br\/swp\/solucoes\/","og_locale":"pt_BR","og_type":"article","og_title":"Solu\u00e7\u00f5es - Grupo MEPI","og_description":"Refer\u00eancia em Seguran\u00e7a do Trabalho. Especialistas em fabrica\u00e7\u00e3o, distribui\u00e7\u00e3o, treinamento e gest\u00e3o. Estamos prontos para atender \u00e0s necessidades!","og_url":"https:\/\/grupomepi.com.br\/swp\/solucoes\/","og_site_name":"Grupo MEPI","article_modified_time":"2024-03-18T17:46:57+00:00","og_image":[{"width":500,"height":500,"url":"https:\/\/grupomepi.com.br\/wp-content\/uploads\/2024\/03\/IMGDESTACADA.png","type":"image\/png"}],"twitter_card":"summary_large_image","twitter_misc":{"Est. tempo de leitura":"2 minutos"},"schema":{"@context":"https:\/\/schema.org","@graph":[{"@type":"WebPage","@id":"https:\/\/grupomepi.com.br\/swp\/solucoes\/","url":"https:\/\/grupomepi.com.br\/swp\/solucoes\/","name":"Solu\u00e7\u00f5es - Grupo MEPI","isPartOf":{"@id":"https:\/\/52.149.151.20\/swp\/#website"},"primaryImageOfPage":{"@id":"https:\/\/grupomepi.com.br\/swp\/solucoes\/#primaryimage"},"image":{"@id":"https:\/\/grupomepi.com.br\/swp\/solucoes\/#primaryimage"},"thumbnailUrl":"https:\/\/grupomepi.com.br\/wp-content\/uploads\/2024\/03\/IMGDESTACADA.png","datePublished":"2024-03-04T14:17:00+00:00","dateModified":"2024-03-18T17:46:57+00:00","description":"Refer\u00eancia em Seguran\u00e7a do Trabalho. Especialistas em fabrica\u00e7\u00e3o, distribui\u00e7\u00e3o, treinamento e gest\u00e3o. Estamos prontos para atender \u00e0s necessidades!","breadcrumb":{"@id":"https:\/\/grupomepi.com.br\/swp\/solucoes\/#breadcrumb"},"inLanguage":"pt-BR","potentialAction":[{"@type":"ReadAction","target":["https:\/\/grupomepi.com.br\/swp\/solucoes\/"]}]},{"@type":"ImageObject","inLanguage":"pt-BR","@id":"https:\/\/grupomepi.com.br\/swp\/solucoes\/#primaryimage","url":"https:\/\/grupomepi.com.br\/wp-content\/uploads\/2024\/03\/IMGDESTACADA.png","contentUrl":"https:\/\/grupomepi.com.br\/wp-content\/uploads\/2024\/03\/IMGDESTACADA.png","width":500,"height":500},{"@type":"BreadcrumbList","@id":"https:\/\/grupomepi.com.br\/swp\/solucoes\/#breadcrumb","itemListElement":[{"@type":"ListItem","position":1,"name":"In\u00edcio","item":"https:\/\/grupomepi.com.br\/swp\/"},{"@type":"ListItem","position":2,"name":"Solu\u00e7\u00f5es"}]},{"@type":"WebSite","@id":"https:\/\/52.149.151.20\/swp\/#website","url":"https:\/\/52.149.151.20\/swp\/","name":"Grupo MEPI","description":"Fa\u00e7a do seu local de trabalho o lugar mais seguro!","potentialAction":[{"@type":"SearchAction","target":{"@type":"EntryPoint","urlTemplate":"https:\/\/52.149.151.20\/swp\/?s={search_term_string}"},"query-input":{"@type":"PropertyValueSpecification","valueRequired":true,"valueName":"search_term_string"}}],"inLanguage":"pt-BR"}]}},"_links":{"self":[{"href":"https:\/\/www.mepi.com.br\/swp\/wp-json\/wp\/v2\/pages\/340","targetHints":{"allow":["GET"]}}],"collection":[{"href":"https:\/\/www.mepi.com.br\/swp\/wp-json\/wp\/v2\/pages"}],"about":[{"href":"https:\/\/www.mepi.com.br\/swp\/wp-json\/wp\/v2\/types\/page"}],"author":[{"embeddable":true,"href":"https:\/\/www.mepi.com.br\/swp\/wp-json\/wp\/v2\/users\/1"}],"replies":[{"embeddable":true,"href":"https:\/\/www.mepi.com.br\/swp\/wp-json\/wp\/v2\/comments?post=340"}],"version-history":[{"count":40,"href":"https:\/\/www.mepi.com.br\/swp\/wp-json\/wp\/v2\/pages\/340\/revisions"}],"predecessor-version":[{"id":1036,"href":"https:\/\/www.mepi.com.br\/swp\/wp-json\/wp\/v2\/pages\/340\/revisions\/1036"}],"wp:featuredmedia":[{"embeddable":true,"href":"https:\/\/www.mepi.com.br\/swp\/wp-json\/wp\/v2\/media\/15"}],"wp:attachment":[{"href":"https:\/\/www.mepi.com.br\/swp\/wp-json\/wp\/v2\/media?parent=340"}],"curies":[{"name":"wp","href":"https:\/\/api.w.org\/{rel}","templated":true}]}}