{"id":207,"date":"2024-03-04T09:55:25","date_gmt":"2024-03-04T12:55:25","guid":{"rendered":"https:\/\/grupomepi.com.br\/?page_id=207"},"modified":"2024-03-04T16:53:44","modified_gmt":"2024-03-04T19:53:44","slug":"blog","status":"publish","type":"page","link":"https:\/\/www.mepi.com.br\/swp\/blog\/","title":{"rendered":"Blog"},"content":{"rendered":"\t\t<div data-elementor-type=\"wp-page\" data-elementor-id=\"207\" class=\"elementor elementor-207\" data-elementor-post-type=\"page\">\n\t\t\t\t<div class=\"elementor-element elementor-element-346c642 e-flex e-con-boxed e-con e-parent\" data-id=\"346c642\" data-element_type=\"container\" data-e-type=\"container\" data-settings=\"{&quot;background_background&quot;:&quot;classic&quot;}\">\n\t\t\t\t\t<div class=\"e-con-inner\">\n\t\t<div class=\"elementor-element elementor-element-bd92996 e-flex e-con-boxed elementor-invisible e-con e-child\" data-id=\"bd92996\" data-element_type=\"container\" data-e-type=\"container\" data-settings=\"{&quot;animation&quot;:&quot;fadeInUp&quot;}\">\n\t\t\t\t\t<div class=\"e-con-inner\">\n\t\t\t\t<div class=\"elementor-element elementor-element-645ff7b elementor-widget elementor-widget-heading\" data-id=\"645ff7b\" data-element_type=\"widget\" data-e-type=\"widget\" data-widget_type=\"heading.default\">\n\t\t\t\t<div class=\"elementor-widget-container\">\n\t\t\t\t\t<h2 class=\"elementor-heading-title elementor-size-default\">Blog<\/h2>\t\t\t\t<\/div>\n\t\t\t\t<\/div>\n\t\t\t\t\t<\/div>\n\t\t\t\t<\/div>\n\t\t\t\t\t<\/div>\n\t\t\t\t<\/div>\n\t\t<div class=\"elementor-element elementor-element-34ea16f e-flex e-con-boxed e-con e-parent\" data-id=\"34ea16f\" data-element_type=\"container\" data-e-type=\"container\" data-settings=\"{&quot;background_background&quot;:&quot;classic&quot;}\">\n\t\t\t\t\t<div class=\"e-con-inner\">\n\t\t<div class=\"elementor-element elementor-element-104a3db e-flex e-con-boxed elementor-invisible e-con e-child\" data-id=\"104a3db\" data-element_type=\"container\" data-e-type=\"container\" data-settings=\"{&quot;animation&quot;:&quot;fadeInDown&quot;}\">\n\t\t\t\t\t<div class=\"e-con-inner\">\n\t\t\t\t<div class=\"elementor-element elementor-element-a8a7835 elementor-widget elementor-widget-heading\" data-id=\"a8a7835\" data-element_type=\"widget\" data-e-type=\"widget\" data-widget_type=\"heading.default\">\n\t\t\t\t<div class=\"elementor-widget-container\">\n\t\t\t\t\t<h2 class=\"elementor-heading-title elementor-size-default\">Novidades e not\u00edcias<\/h2>\t\t\t\t<\/div>\n\t\t\t\t<\/div>\n\t\t\t\t<div class=\"elementor-element elementor-element-8f87ac3 elementor-widget elementor-widget-heading\" data-id=\"8f87ac3\" data-element_type=\"widget\" data-e-type=\"widget\" data-widget_type=\"heading.default\">\n\t\t\t\t<div class=\"elementor-widget-container\">\n\t\t\t\t\t<h2 class=\"elementor-heading-title elementor-size-default\">Conhe\u00e7a e acompanhe o nosso <b>Blog<\/b><\/h2>\t\t\t\t<\/div>\n\t\t\t\t<\/div>\n\t\t\t\t<div class=\"elementor-element elementor-element-57d8dc2 elementor-widget elementor-widget-heading\" data-id=\"57d8dc2\" data-element_type=\"widget\" data-e-type=\"widget\" data-widget_type=\"heading.default\">\n\t\t\t\t<div class=\"elementor-widget-container\">\n\t\t\t\t\t<h2 class=\"elementor-heading-title elementor-size-default\">Fique por dentro de dicas, curiosidades, normas e t\u00e9cnicas sobre seguran\u00e7a do trabalho.<\/h2>\t\t\t\t<\/div>\n\t\t\t\t<\/div>\n\t\t\t\t\t<\/div>\n\t\t\t\t<\/div>\n\t\t\t\t<div class=\"elementor-element elementor-element-0315192 elementor-posts--align-center elementor-grid-3 elementor-grid-tablet-2 elementor-grid-mobile-1 elementor-posts--thumbnail-top elementor-card-shadow-yes elementor-posts__hover-gradient elementor-invisible elementor-widget elementor-widget-posts\" data-id=\"0315192\" data-element_type=\"widget\" data-e-type=\"widget\" data-settings=\"{&quot;cards_row_gap&quot;:{&quot;unit&quot;:&quot;px&quot;,&quot;size&quot;:20,&quot;sizes&quot;:[]},&quot;_animation&quot;:&quot;fadeInUp&quot;,&quot;cards_columns&quot;:&quot;3&quot;,&quot;cards_columns_tablet&quot;:&quot;2&quot;,&quot;cards_columns_mobile&quot;:&quot;1&quot;,&quot;cards_row_gap_tablet&quot;:{&quot;unit&quot;:&quot;px&quot;,&quot;size&quot;:&quot;&quot;,&quot;sizes&quot;:[]},&quot;cards_row_gap_mobile&quot;:{&quot;unit&quot;:&quot;px&quot;,&quot;size&quot;:&quot;&quot;,&quot;sizes&quot;:[]}}\" data-widget_type=\"posts.cards\">\n\t\t\t\t<div class=\"elementor-widget-container\">\n\t\t\t\t\t\t\t<div class=\"elementor-posts-container elementor-posts elementor-posts--skin-cards elementor-grid\" role=\"list\">\n\t\t\t\t<article class=\"elementor-post elementor-grid-item post-1379 post type-post status-publish format-standard has-post-thumbnail hentry category-nr-35-trabalho-em-altura tag-escada-marinheiro tag-kilvem tag-mepi tag-nr-35 tag-trabalho-em-altura\" role=\"listitem\">\n\t\t\t<div class=\"elementor-post__card\">\n\t\t\t\t<a class=\"elementor-post__thumbnail__link\" href=\"https:\/\/www.mepi.com.br\/swp\/nr-35-novas-regras-reforcam-a-seguranca-no-uso-de-escadas-em-trabalho-em-altura\/\" tabindex=\"-1\" ><div class=\"elementor-post__thumbnail\"><img fetchpriority=\"high\" decoding=\"async\" width=\"1200\" height=\"800\" src=\"https:\/\/grupomepi.com.br\/wp-content\/uploads\/2025\/11\/foto-materia-W.jpg\" class=\"attachment-full size-full wp-image-1380\" alt=\"\" srcset=\"https:\/\/grupomepi.com.br\/wp-content\/uploads\/2025\/11\/foto-materia-W.jpg 1200w, https:\/\/grupomepi.com.br\/wp-content\/uploads\/2025\/11\/foto-materia-W-300x200.jpg 300w, https:\/\/grupomepi.com.br\/wp-content\/uploads\/2025\/11\/foto-materia-W-1024x683.jpg 1024w, https:\/\/grupomepi.com.br\/wp-content\/uploads\/2025\/11\/foto-materia-W-768x512.jpg 768w\" sizes=\"(max-width: 1200px) 100vw, 1200px\" \/><\/div><\/a>\n\t\t\t\t<div class=\"elementor-post__badge\">NR-35 - Trabalho em Altura<\/div>\n\t\t\t\t<div class=\"elementor-post__text\">\n\t\t\t\t<h3 class=\"elementor-post__title\">\n\t\t\t<a href=\"https:\/\/www.mepi.com.br\/swp\/nr-35-novas-regras-reforcam-a-seguranca-no-uso-de-escadas-em-trabalho-em-altura\/\" >\n\t\t\t\tNR-35: Novas regras refor\u00e7am a seguran\u00e7a no uso de escadas em trabalho em altura\t\t\t<\/a>\n\t\t<\/h3>\n\t\t\n\t\t<a class=\"elementor-post__read-more\" href=\"https:\/\/www.mepi.com.br\/swp\/nr-35-novas-regras-reforcam-a-seguranca-no-uso-de-escadas-em-trabalho-em-altura\/\" aria-label=\"Read more about NR-35: Novas regras refor\u00e7am a seguran\u00e7a no uso de escadas em trabalho em altura\" tabindex=\"-1\" >\n\t\t\tLeia mais\t\t<\/a>\n\n\t\t\t\t<\/div>\n\t\t\t\t<div class=\"elementor-post__meta-data\">\n\t\t\t\t\t<span class=\"elementor-post-date\">\n\t\t\t7 de novembro de 2025\t\t<\/span>\n\t\t\t\t<\/div>\n\t\t\t\t\t<\/div>\n\t\t<\/article>\n\t\t\t\t<article class=\"elementor-post elementor-grid-item post-1372 post type-post status-publish format-standard has-post-thumbnail hentry category-nr-35-trabalho-em-altura\" role=\"listitem\">\n\t\t\t<div class=\"elementor-post__card\">\n\t\t\t\t<a class=\"elementor-post__thumbnail__link\" href=\"https:\/\/www.mepi.com.br\/swp\/ancoragem-correta-o-pilar-da-seguranca-em-trabalhos-em-altura\/\" tabindex=\"-1\" ><div class=\"elementor-post__thumbnail\"><img decoding=\"async\" width=\"2560\" height=\"1586\" src=\"https:\/\/grupomepi.com.br\/wp-content\/uploads\/2025\/10\/LV-Cobertura-MEPI-scaled.jpg\" class=\"attachment-full size-full wp-image-1373\" alt=\"Linha de vida sobre telhado.\" srcset=\"https:\/\/grupomepi.com.br\/wp-content\/uploads\/2025\/10\/LV-Cobertura-MEPI-scaled.jpg 2560w, https:\/\/grupomepi.com.br\/wp-content\/uploads\/2025\/10\/LV-Cobertura-MEPI-300x186.jpg 300w, https:\/\/grupomepi.com.br\/wp-content\/uploads\/2025\/10\/LV-Cobertura-MEPI-1024x634.jpg 1024w, https:\/\/grupomepi.com.br\/wp-content\/uploads\/2025\/10\/LV-Cobertura-MEPI-768x476.jpg 768w, https:\/\/grupomepi.com.br\/wp-content\/uploads\/2025\/10\/LV-Cobertura-MEPI-1536x951.jpg 1536w, https:\/\/grupomepi.com.br\/wp-content\/uploads\/2025\/10\/LV-Cobertura-MEPI-2048x1268.jpg 2048w\" sizes=\"(max-width: 2560px) 100vw, 2560px\" \/><\/div><\/a>\n\t\t\t\t<div class=\"elementor-post__badge\">NR-35 - Trabalho em Altura<\/div>\n\t\t\t\t<div class=\"elementor-post__text\">\n\t\t\t\t<h3 class=\"elementor-post__title\">\n\t\t\t<a href=\"https:\/\/www.mepi.com.br\/swp\/ancoragem-correta-o-pilar-da-seguranca-em-trabalhos-em-altura\/\" >\n\t\t\t\tAncoragem correta: o pilar da seguran\u00e7a em trabalhos em altura\t\t\t<\/a>\n\t\t<\/h3>\n\t\t\n\t\t<a class=\"elementor-post__read-more\" href=\"https:\/\/www.mepi.com.br\/swp\/ancoragem-correta-o-pilar-da-seguranca-em-trabalhos-em-altura\/\" aria-label=\"Read more about Ancoragem correta: o pilar da seguran\u00e7a em trabalhos em altura\" tabindex=\"-1\" >\n\t\t\tLeia mais\t\t<\/a>\n\n\t\t\t\t<\/div>\n\t\t\t\t<div class=\"elementor-post__meta-data\">\n\t\t\t\t\t<span class=\"elementor-post-date\">\n\t\t\t15 de outubro de 2025\t\t<\/span>\n\t\t\t\t<\/div>\n\t\t\t\t\t<\/div>\n\t\t<\/article>\n\t\t\t\t<article class=\"elementor-post elementor-grid-item post-202 post type-post status-publish format-standard has-post-thumbnail hentry category-grupo-mepi\" role=\"listitem\">\n\t\t\t<div class=\"elementor-post__card\">\n\t\t\t\t<a class=\"elementor-post__thumbnail__link\" href=\"https:\/\/www.mepi.com.br\/swp\/5-maneiras-de-melhorar-a-seguranca-no-local-de-trabalho-dicas-praticas-do-grupo-mepi\/\" tabindex=\"-1\" ><div class=\"elementor-post__thumbnail\"><img decoding=\"async\" width=\"2000\" height=\"1333\" src=\"https:\/\/grupomepi.com.br\/wp-content\/uploads\/2024\/03\/5-maneiras-de-melhorar-a-seguranca-no-local-de-trabalho-Dicas-praticas-do-Grupo-MEPI.jpg\" class=\"attachment-full size-full wp-image-204\" alt=\"\" srcset=\"https:\/\/grupomepi.com.br\/wp-content\/uploads\/2024\/03\/5-maneiras-de-melhorar-a-seguranca-no-local-de-trabalho-Dicas-praticas-do-Grupo-MEPI.jpg 2000w, https:\/\/grupomepi.com.br\/wp-content\/uploads\/2024\/03\/5-maneiras-de-melhorar-a-seguranca-no-local-de-trabalho-Dicas-praticas-do-Grupo-MEPI-300x200.jpg 300w, https:\/\/grupomepi.com.br\/wp-content\/uploads\/2024\/03\/5-maneiras-de-melhorar-a-seguranca-no-local-de-trabalho-Dicas-praticas-do-Grupo-MEPI-1024x682.jpg 1024w, https:\/\/grupomepi.com.br\/wp-content\/uploads\/2024\/03\/5-maneiras-de-melhorar-a-seguranca-no-local-de-trabalho-Dicas-praticas-do-Grupo-MEPI-768x512.jpg 768w, https:\/\/grupomepi.com.br\/wp-content\/uploads\/2024\/03\/5-maneiras-de-melhorar-a-seguranca-no-local-de-trabalho-Dicas-praticas-do-Grupo-MEPI-1536x1024.jpg 1536w\" sizes=\"(max-width: 2000px) 100vw, 2000px\" \/><\/div><\/a>\n\t\t\t\t<div class=\"elementor-post__badge\">Grupo Mepi<\/div>\n\t\t\t\t<div class=\"elementor-post__text\">\n\t\t\t\t<h3 class=\"elementor-post__title\">\n\t\t\t<a href=\"https:\/\/www.mepi.com.br\/swp\/5-maneiras-de-melhorar-a-seguranca-no-local-de-trabalho-dicas-praticas-do-grupo-mepi\/\" >\n\t\t\t\t5 maneiras de melhorar a seguran\u00e7a no local de trabalho: Dicas pr\u00e1ticas do Grupo MEPI\t\t\t<\/a>\n\t\t<\/h3>\n\t\t\n\t\t<a class=\"elementor-post__read-more\" href=\"https:\/\/www.mepi.com.br\/swp\/5-maneiras-de-melhorar-a-seguranca-no-local-de-trabalho-dicas-praticas-do-grupo-mepi\/\" aria-label=\"Read more about 5 maneiras de melhorar a seguran\u00e7a no local de trabalho: Dicas pr\u00e1ticas do Grupo MEPI\" tabindex=\"-1\" >\n\t\t\tLeia mais\t\t<\/a>\n\n\t\t\t\t<\/div>\n\t\t\t\t<div class=\"elementor-post__meta-data\">\n\t\t\t\t\t<span class=\"elementor-post-date\">\n\t\t\t4 de mar\u00e7o de 2024\t\t<\/span>\n\t\t\t\t<\/div>\n\t\t\t\t\t<\/div>\n\t\t<\/article>\n\t\t\t\t<article class=\"elementor-post elementor-grid-item post-200 post type-post status-publish format-standard has-post-thumbnail hentry category-grupo-mepi\" role=\"listitem\">\n\t\t\t<div class=\"elementor-post__card\">\n\t\t\t\t<a class=\"elementor-post__thumbnail__link\" href=\"https:\/\/www.mepi.com.br\/swp\/o-impacto-da-diversidade-e-inclusao-na-cultura-corporativa-uma-perspectiva-do-grupo-mepi\/\" tabindex=\"-1\" ><div class=\"elementor-post__thumbnail\"><img loading=\"lazy\" decoding=\"async\" width=\"2000\" height=\"1334\" src=\"https:\/\/grupomepi.com.br\/wp-content\/uploads\/2024\/03\/O-impacto-da-diversidade-e-inclusao-na-cultura-corporativa-Uma-perspectiva-do-Grupo-MEPI.jpg\" class=\"attachment-full size-full wp-image-206\" alt=\"\" srcset=\"https:\/\/grupomepi.com.br\/wp-content\/uploads\/2024\/03\/O-impacto-da-diversidade-e-inclusao-na-cultura-corporativa-Uma-perspectiva-do-Grupo-MEPI.jpg 2000w, https:\/\/grupomepi.com.br\/wp-content\/uploads\/2024\/03\/O-impacto-da-diversidade-e-inclusao-na-cultura-corporativa-Uma-perspectiva-do-Grupo-MEPI-300x200.jpg 300w, https:\/\/grupomepi.com.br\/wp-content\/uploads\/2024\/03\/O-impacto-da-diversidade-e-inclusao-na-cultura-corporativa-Uma-perspectiva-do-Grupo-MEPI-1024x683.jpg 1024w, https:\/\/grupomepi.com.br\/wp-content\/uploads\/2024\/03\/O-impacto-da-diversidade-e-inclusao-na-cultura-corporativa-Uma-perspectiva-do-Grupo-MEPI-768x512.jpg 768w, https:\/\/grupomepi.com.br\/wp-content\/uploads\/2024\/03\/O-impacto-da-diversidade-e-inclusao-na-cultura-corporativa-Uma-perspectiva-do-Grupo-MEPI-1536x1025.jpg 1536w\" sizes=\"(max-width: 2000px) 100vw, 2000px\" \/><\/div><\/a>\n\t\t\t\t<div class=\"elementor-post__badge\">Grupo Mepi<\/div>\n\t\t\t\t<div class=\"elementor-post__text\">\n\t\t\t\t<h3 class=\"elementor-post__title\">\n\t\t\t<a href=\"https:\/\/www.mepi.com.br\/swp\/o-impacto-da-diversidade-e-inclusao-na-cultura-corporativa-uma-perspectiva-do-grupo-mepi\/\" >\n\t\t\t\tO impacto da diversidade e inclus\u00e3o na cultura corporativa: Uma perspectiva do Grupo MEPI\t\t\t<\/a>\n\t\t<\/h3>\n\t\t\n\t\t<a class=\"elementor-post__read-more\" href=\"https:\/\/www.mepi.com.br\/swp\/o-impacto-da-diversidade-e-inclusao-na-cultura-corporativa-uma-perspectiva-do-grupo-mepi\/\" aria-label=\"Read more about O impacto da diversidade e inclus\u00e3o na cultura corporativa: Uma perspectiva do Grupo MEPI\" tabindex=\"-1\" >\n\t\t\tLeia mais\t\t<\/a>\n\n\t\t\t\t<\/div>\n\t\t\t\t<div class=\"elementor-post__meta-data\">\n\t\t\t\t\t<span class=\"elementor-post-date\">\n\t\t\t4 de mar\u00e7o de 2024\t\t<\/span>\n\t\t\t\t<\/div>\n\t\t\t\t\t<\/div>\n\t\t<\/article>\n\t\t\t\t<article class=\"elementor-post elementor-grid-item post-198 post type-post status-publish format-standard has-post-thumbnail hentry category-grupo-mepi\" role=\"listitem\">\n\t\t\t<div class=\"elementor-post__card\">\n\t\t\t\t<a class=\"elementor-post__thumbnail__link\" href=\"https:\/\/www.mepi.com.br\/swp\/o-futuro-da-seguranca-no-trabalho-tendencias-e-previsoes-para-2025\/\" tabindex=\"-1\" ><div class=\"elementor-post__thumbnail\"><img loading=\"lazy\" decoding=\"async\" width=\"2000\" height=\"1335\" src=\"https:\/\/grupomepi.com.br\/wp-content\/uploads\/2024\/03\/O-futuro-da-seguranca-no-trabalho-Tendencias-e-previsoes-para-2025.jpg\" class=\"attachment-full size-full wp-image-205\" alt=\"\" srcset=\"https:\/\/grupomepi.com.br\/wp-content\/uploads\/2024\/03\/O-futuro-da-seguranca-no-trabalho-Tendencias-e-previsoes-para-2025.jpg 2000w, https:\/\/grupomepi.com.br\/wp-content\/uploads\/2024\/03\/O-futuro-da-seguranca-no-trabalho-Tendencias-e-previsoes-para-2025-300x200.jpg 300w, https:\/\/grupomepi.com.br\/wp-content\/uploads\/2024\/03\/O-futuro-da-seguranca-no-trabalho-Tendencias-e-previsoes-para-2025-1024x684.jpg 1024w, https:\/\/grupomepi.com.br\/wp-content\/uploads\/2024\/03\/O-futuro-da-seguranca-no-trabalho-Tendencias-e-previsoes-para-2025-768x513.jpg 768w, https:\/\/grupomepi.com.br\/wp-content\/uploads\/2024\/03\/O-futuro-da-seguranca-no-trabalho-Tendencias-e-previsoes-para-2025-1536x1025.jpg 1536w\" sizes=\"(max-width: 2000px) 100vw, 2000px\" \/><\/div><\/a>\n\t\t\t\t<div class=\"elementor-post__badge\">Grupo Mepi<\/div>\n\t\t\t\t<div class=\"elementor-post__text\">\n\t\t\t\t<h3 class=\"elementor-post__title\">\n\t\t\t<a href=\"https:\/\/www.mepi.com.br\/swp\/o-futuro-da-seguranca-no-trabalho-tendencias-e-previsoes-para-2025\/\" >\n\t\t\t\tO futuro da seguran\u00e7a no trabalho: Tend\u00eancias e previs\u00f5es para 2025\t\t\t<\/a>\n\t\t<\/h3>\n\t\t\n\t\t<a class=\"elementor-post__read-more\" href=\"https:\/\/www.mepi.com.br\/swp\/o-futuro-da-seguranca-no-trabalho-tendencias-e-previsoes-para-2025\/\" aria-label=\"Read more about O futuro da seguran\u00e7a no trabalho: Tend\u00eancias e previs\u00f5es para 2025\" tabindex=\"-1\" >\n\t\t\tLeia mais\t\t<\/a>\n\n\t\t\t\t<\/div>\n\t\t\t\t<div class=\"elementor-post__meta-data\">\n\t\t\t\t\t<span class=\"elementor-post-date\">\n\t\t\t4 de mar\u00e7o de 2024\t\t<\/span>\n\t\t\t\t<\/div>\n\t\t\t\t\t<\/div>\n\t\t<\/article>\n\t\t\t\t<\/div>\n\t\t\n\t\t\t\t\t\t<\/div>\n\t\t\t\t<\/div>\n\t\t\t\t\t<\/div>\n\t\t\t\t<\/div>\n\t\t\t\t<\/div>\n\t\t","protected":false},"excerpt":{"rendered":"<p>Blog Novidades e not\u00edcias Conhe\u00e7a e acompanhe o nosso Blog Fique por dentro de dicas, curiosidades, normas e t\u00e9cnicas sobre seguran\u00e7a do trabalho.<\/p>\n","protected":false},"author":1,"featured_media":15,"parent":0,"menu_order":0,"comment_status":"closed","ping_status":"closed","template":"elementor_header_footer","meta":{"_joinchat":[],"footnotes":""},"class_list":["post-207","page","type-page","status-publish","has-post-thumbnail","hentry"],"yoast_head":"<!-- This site is optimized with the Yoast SEO plugin v27.3 - https:\/\/yoast.com\/product\/yoast-seo-wordpress\/ -->\r\n<title>Blog - Grupo MEPI<\/title>\r\n<meta name=\"description\" content=\"Refer\u00eancia em Seguran\u00e7a do Trabalho. Especialistas em fabrica\u00e7\u00e3o, distribui\u00e7\u00e3o, treinamento e gest\u00e3o. Estamos prontos para atender \u00e0s necessidades!\" \/>\r\n<meta name=\"robots\" content=\"index, follow, max-snippet:-1, max-image-preview:large, max-video-preview:-1\" \/>\r\n<link rel=\"canonical\" href=\"https:\/\/grupomepi.com.br\/swp\/blog\/\" \/>\r\n<meta property=\"og:locale\" content=\"pt_BR\" \/>\r\n<meta property=\"og:type\" content=\"article\" \/>\r\n<meta property=\"og:title\" content=\"Blog - Grupo MEPI\" \/>\r\n<meta property=\"og:description\" content=\"Refer\u00eancia em Seguran\u00e7a do Trabalho. Especialistas em fabrica\u00e7\u00e3o, distribui\u00e7\u00e3o, treinamento e gest\u00e3o. Estamos prontos para atender \u00e0s necessidades!\" \/>\r\n<meta property=\"og:url\" content=\"https:\/\/grupomepi.com.br\/swp\/blog\/\" \/>\r\n<meta property=\"og:site_name\" content=\"Grupo MEPI\" \/>\r\n<meta property=\"article:modified_time\" content=\"2024-03-04T19:53:44+00:00\" \/>\r\n<meta property=\"og:image\" content=\"https:\/\/grupomepi.com.br\/wp-content\/uploads\/2024\/03\/IMGDESTACADA.png\" \/>\r\n\t<meta property=\"og:image:width\" content=\"500\" \/>\r\n\t<meta property=\"og:image:height\" content=\"500\" \/>\r\n\t<meta property=\"og:image:type\" content=\"image\/png\" \/>\r\n<meta name=\"twitter:card\" content=\"summary_large_image\" \/>\r\n<meta name=\"twitter:label1\" content=\"Est. tempo de leitura\" \/>\n\t<meta name=\"twitter:data1\" content=\"2 minutos\" \/>\r\n<script type=\"application\/ld+json\" class=\"yoast-schema-graph\">{\"@context\":\"https:\\\/\\\/schema.org\",\"@graph\":[{\"@type\":\"WebPage\",\"@id\":\"https:\\\/\\\/grupomepi.com.br\\\/swp\\\/blog\\\/\",\"url\":\"https:\\\/\\\/grupomepi.com.br\\\/swp\\\/blog\\\/\",\"name\":\"Blog - Grupo MEPI\",\"isPartOf\":{\"@id\":\"https:\\\/\\\/52.149.151.20\\\/swp\\\/#website\"},\"primaryImageOfPage\":{\"@id\":\"https:\\\/\\\/grupomepi.com.br\\\/swp\\\/blog\\\/#primaryimage\"},\"image\":{\"@id\":\"https:\\\/\\\/grupomepi.com.br\\\/swp\\\/blog\\\/#primaryimage\"},\"thumbnailUrl\":\"https:\\\/\\\/grupomepi.com.br\\\/wp-content\\\/uploads\\\/2024\\\/03\\\/IMGDESTACADA.png\",\"datePublished\":\"2024-03-04T12:55:25+00:00\",\"dateModified\":\"2024-03-04T19:53:44+00:00\",\"description\":\"Refer\u00eancia em Seguran\u00e7a do Trabalho. Especialistas em fabrica\u00e7\u00e3o, distribui\u00e7\u00e3o, treinamento e gest\u00e3o. Estamos prontos para atender \u00e0s necessidades!\",\"breadcrumb\":{\"@id\":\"https:\\\/\\\/grupomepi.com.br\\\/swp\\\/blog\\\/#breadcrumb\"},\"inLanguage\":\"pt-BR\",\"potentialAction\":[{\"@type\":\"ReadAction\",\"target\":[\"https:\\\/\\\/grupomepi.com.br\\\/swp\\\/blog\\\/\"]}]},{\"@type\":\"ImageObject\",\"inLanguage\":\"pt-BR\",\"@id\":\"https:\\\/\\\/grupomepi.com.br\\\/swp\\\/blog\\\/#primaryimage\",\"url\":\"https:\\\/\\\/grupomepi.com.br\\\/wp-content\\\/uploads\\\/2024\\\/03\\\/IMGDESTACADA.png\",\"contentUrl\":\"https:\\\/\\\/grupomepi.com.br\\\/wp-content\\\/uploads\\\/2024\\\/03\\\/IMGDESTACADA.png\",\"width\":500,\"height\":500},{\"@type\":\"BreadcrumbList\",\"@id\":\"https:\\\/\\\/grupomepi.com.br\\\/swp\\\/blog\\\/#breadcrumb\",\"itemListElement\":[{\"@type\":\"ListItem\",\"position\":1,\"name\":\"In\u00edcio\",\"item\":\"https:\\\/\\\/grupomepi.com.br\\\/swp\\\/\"},{\"@type\":\"ListItem\",\"position\":2,\"name\":\"Blog\"}]},{\"@type\":\"WebSite\",\"@id\":\"https:\\\/\\\/52.149.151.20\\\/swp\\\/#website\",\"url\":\"https:\\\/\\\/52.149.151.20\\\/swp\\\/\",\"name\":\"Grupo MEPI\",\"description\":\"Fa\u00e7a do seu local de trabalho o lugar mais seguro!\",\"potentialAction\":[{\"@type\":\"SearchAction\",\"target\":{\"@type\":\"EntryPoint\",\"urlTemplate\":\"https:\\\/\\\/52.149.151.20\\\/swp\\\/?s={search_term_string}\"},\"query-input\":{\"@type\":\"PropertyValueSpecification\",\"valueRequired\":true,\"valueName\":\"search_term_string\"}}],\"inLanguage\":\"pt-BR\"}]}<\/script>\r\n<!-- \/ Yoast SEO plugin. -->","yoast_head_json":{"title":"Blog - Grupo MEPI","description":"Refer\u00eancia em Seguran\u00e7a do Trabalho. Especialistas em fabrica\u00e7\u00e3o, distribui\u00e7\u00e3o, treinamento e gest\u00e3o. Estamos prontos para atender \u00e0s necessidades!","robots":{"index":"index","follow":"follow","max-snippet":"max-snippet:-1","max-image-preview":"max-image-preview:large","max-video-preview":"max-video-preview:-1"},"canonical":"https:\/\/grupomepi.com.br\/swp\/blog\/","og_locale":"pt_BR","og_type":"article","og_title":"Blog - Grupo MEPI","og_description":"Refer\u00eancia em Seguran\u00e7a do Trabalho. Especialistas em fabrica\u00e7\u00e3o, distribui\u00e7\u00e3o, treinamento e gest\u00e3o. Estamos prontos para atender \u00e0s necessidades!","og_url":"https:\/\/grupomepi.com.br\/swp\/blog\/","og_site_name":"Grupo MEPI","article_modified_time":"2024-03-04T19:53:44+00:00","og_image":[{"width":500,"height":500,"url":"https:\/\/grupomepi.com.br\/wp-content\/uploads\/2024\/03\/IMGDESTACADA.png","type":"image\/png"}],"twitter_card":"summary_large_image","twitter_misc":{"Est. tempo de leitura":"2 minutos"},"schema":{"@context":"https:\/\/schema.org","@graph":[{"@type":"WebPage","@id":"https:\/\/grupomepi.com.br\/swp\/blog\/","url":"https:\/\/grupomepi.com.br\/swp\/blog\/","name":"Blog - Grupo MEPI","isPartOf":{"@id":"https:\/\/52.149.151.20\/swp\/#website"},"primaryImageOfPage":{"@id":"https:\/\/grupomepi.com.br\/swp\/blog\/#primaryimage"},"image":{"@id":"https:\/\/grupomepi.com.br\/swp\/blog\/#primaryimage"},"thumbnailUrl":"https:\/\/grupomepi.com.br\/wp-content\/uploads\/2024\/03\/IMGDESTACADA.png","datePublished":"2024-03-04T12:55:25+00:00","dateModified":"2024-03-04T19:53:44+00:00","description":"Refer\u00eancia em Seguran\u00e7a do Trabalho. Especialistas em fabrica\u00e7\u00e3o, distribui\u00e7\u00e3o, treinamento e gest\u00e3o. Estamos prontos para atender \u00e0s necessidades!","breadcrumb":{"@id":"https:\/\/grupomepi.com.br\/swp\/blog\/#breadcrumb"},"inLanguage":"pt-BR","potentialAction":[{"@type":"ReadAction","target":["https:\/\/grupomepi.com.br\/swp\/blog\/"]}]},{"@type":"ImageObject","inLanguage":"pt-BR","@id":"https:\/\/grupomepi.com.br\/swp\/blog\/#primaryimage","url":"https:\/\/grupomepi.com.br\/wp-content\/uploads\/2024\/03\/IMGDESTACADA.png","contentUrl":"https:\/\/grupomepi.com.br\/wp-content\/uploads\/2024\/03\/IMGDESTACADA.png","width":500,"height":500},{"@type":"BreadcrumbList","@id":"https:\/\/grupomepi.com.br\/swp\/blog\/#breadcrumb","itemListElement":[{"@type":"ListItem","position":1,"name":"In\u00edcio","item":"https:\/\/grupomepi.com.br\/swp\/"},{"@type":"ListItem","position":2,"name":"Blog"}]},{"@type":"WebSite","@id":"https:\/\/52.149.151.20\/swp\/#website","url":"https:\/\/52.149.151.20\/swp\/","name":"Grupo MEPI","description":"Fa\u00e7a do seu local de trabalho o lugar mais seguro!","potentialAction":[{"@type":"SearchAction","target":{"@type":"EntryPoint","urlTemplate":"https:\/\/52.149.151.20\/swp\/?s={search_term_string}"},"query-input":{"@type":"PropertyValueSpecification","valueRequired":true,"valueName":"search_term_string"}}],"inLanguage":"pt-BR"}]}},"_links":{"self":[{"href":"https:\/\/www.mepi.com.br\/swp\/wp-json\/wp\/v2\/pages\/207","targetHints":{"allow":["GET"]}}],"collection":[{"href":"https:\/\/www.mepi.com.br\/swp\/wp-json\/wp\/v2\/pages"}],"about":[{"href":"https:\/\/www.mepi.com.br\/swp\/wp-json\/wp\/v2\/types\/page"}],"author":[{"embeddable":true,"href":"https:\/\/www.mepi.com.br\/swp\/wp-json\/wp\/v2\/users\/1"}],"replies":[{"embeddable":true,"href":"https:\/\/www.mepi.com.br\/swp\/wp-json\/wp\/v2\/comments?post=207"}],"version-history":[{"count":22,"href":"https:\/\/www.mepi.com.br\/swp\/wp-json\/wp\/v2\/pages\/207\/revisions"}],"predecessor-version":[{"id":560,"href":"https:\/\/www.mepi.com.br\/swp\/wp-json\/wp\/v2\/pages\/207\/revisions\/560"}],"wp:featuredmedia":[{"embeddable":true,"href":"https:\/\/www.mepi.com.br\/swp\/wp-json\/wp\/v2\/media\/15"}],"wp:attachment":[{"href":"https:\/\/www.mepi.com.br\/swp\/wp-json\/wp\/v2\/media?parent=207"}],"curies":[{"name":"wp","href":"https:\/\/api.w.org\/{rel}","templated":true}]}}